{"id":1271,"date":"2018-05-25T18:40:11","date_gmt":"2018-05-25T16:40:11","guid":{"rendered":"https:\/\/www.abbonatiweb.it\/site\/?page_id=1271"},"modified":"2018-07-04T19:08:34","modified_gmt":"2018-07-04T17:08:34","slug":"informativa-privacy","status":"publish","type":"page","link":"https:\/\/www.abbonatiweb.it\/site\/informativa-privacy\/","title":{"rendered":"Informativa Privacy"},"content":{"rendered":"<p>Informativa privacy e cookie<\/p>\n<p>&nbsp;<\/p>\n<p>Pubblicato: 25\/05\/2018<\/p>\n<p>In questa informativa si descrivono le modalit\u00e0 di gestione del sito in riferimento al trattamento dei dati personali degli utenti che lo consultano, nonch\u00e9 le pratiche di trattamento dei dati trasmessi dall\u2019interessato al Titolare e\/o al Responsabile tramite questo sito.<br \/>\nSi tratta di un\u2019informativa che \u00e8 resa ai sensi dell\u2019art. 13 Regolamento UE 2016\/679 \u2013 Regolamento generale sulla protezione dei dati (\u201cRegolamento\u201d) a coloro che interagiscono con i servizi web di Diffusione Editoriale s.r.l. con sede in Roma, via Clelia n. 25-27-29 (Italy), accessibili per via telematica a partire dall\u2019indirizzo: http:\/\/www.abbonatiweb.it.<br \/>\nSecondo le norme del Regolamento, i trattamenti effettuati da Diffusione Editoriale s.r.l. saranno improntati ai principi di liceit\u00e0, correttezza, trasparenza, limitazione delle finalit\u00e0 e della conservazione, minimizzazione dei dati, esattezza, integrit\u00e0 e riservatezza.<\/p>\n<p>Titolare del trattamento e Responsabile del trattamento<\/p>\n<p>A seguito della consultazione di questo sito, o della volontaria registrazione in esso, potrebbero essere trattati dati relativi a persone identificate o identificabili. I dati personali potranno essere trattati da Conti Edizioni s.r.l. sita in San Lazzaro di Savena (BO) via del Lavoro, quale Titolare del trattamento e da Diffusione Editoriale s.r.l., con sede in Roma, via Clelia n. 25-27-29 (Italy), cf\/PI 06908931006, quale Responsabile del trattamento.<\/p>\n<p>Dati personali oggetto del trattamento<\/p>\n<p>A seguito della navigazione del Sito, informiamo l\u2019utente che saranno trattati i suoi dati personali, che potranno essere costituiti da un identificativo come il nome, il cognome, l\u2019indirizzo, l\u2019indirizzo di posta elettronica, un identificativo online o uno o pi\u00f9 elementi caratteristici della sua identit\u00e0 fisica, economica, culturale o sociale idonea a rendere il soggetto interessato identificato o identificabile, oltre ai dati eventualmente necessari per eseguire pagamenti online (di seguito anche soltanto \u201cDati Personali\u201d).<\/p>\n<p>Modalit\u00e0 del trattamento<\/p>\n<p>I Dati Personali saranno trattati per mezzo delle operazioni di raccolta, registrazione, organizzazione, conservazione, consultazione, elaborazione, modificazione, selezione, estrazione, raffronto, utilizzo, interconnessione, blocco, comunicazione, cancellazione e distruzione dei dati per il tempo strettamente necessario a conseguire le finalit\u00e0 per cui sono stati raccolti. Il conferimento di Dati Personali \u00e8 facoltativo, ma per alcuni di essi il conferimento \u00e8 obbligatorio (cio\u00e8 necessario per quei dati i cui campi sono contraddistinti da un asterisco o altrimenti contrassegnati come obbligatori) affinch\u00e9 possano essere soddisfatte le esigenze dell\u2019utente nell\u2019ambito delle funzionalit\u00e0 del sito. Il mancato, parziale o inesatto conferimento dei Dati Personali, in quanto necessari per l\u2019esecuzione della prestazione richiesta, non rende possibile tale esecuzione; mentre il mancato, parziale o inesatto conferimento dei Dati Personali facoltativi non comporta alcuna conseguenza. Il conferimento dei Dati Personali pu\u00f2 avvenire: a) mediante la compilazione degli appositi campi nelle varie sezioni del sito; b) con la navigazione sul Sito o l\u2019utilizzo di cookie; c) Cookies Analytics. I Dati Personali saranno trattati in forma prevalentemente automatizzata ma anche cartacea, con logiche strettamente correlate alle predette finalit\u00e0, mediante i Data Base, le Piattaforme elettroniche gestite dai Contitolari e dal Responsabile o da terzi nominati all\u2019uopo responsabili del trattamento e\/o sistemi integrati di natura informatica e\/o siti web di titolarit\u00e0 o in uso ai Contitolari o al Responsabile. Ove l\u2019utente esprima il suo consenso, i dati personali saranno resi visibili e conservati in un archivio informatico di gestione dei rapporti con la clientela, cosiddetto Customer Relationship Management (CRM), nonch\u00e9 eventualmente conservati in uno o pi\u00f9 appositi archivi o database della societ\u00e0 cui potranno accedere altre societ\u00e0 collegate. Essendo, pertanto, il CRM un database per la gestione condivisa dei dati in esso contenuti, l\u2019aggiornamento, la rettifica o la cancellazione di uno qualunque de dati forniti comporter\u00e0 l\u2019aggiornamento di tali dati nei confronti di tutti i soggetti cui \u00e8 consentito l\u2019accesso.<br \/>\nSpecifiche misure di sicurezza sono osservate per prevenire la perdita dei dati, usi illeciti o non corretti e accessi non autorizzati, tra cui il protocollo sicuro SSL\/https per alcune parti riservate del sito e delle applicazioni e le protezioni da accessi abusivi nei server e negli altri elaboratori in uso.<br \/>\nI dati personali forniti dagli utenti che volontariamente si registrano o inoltrano richieste di invio di materiale informativo (newsletter, risposte a quesiti, ecc.) sono utilizzati al fine di eseguire il servizio o la prestazione richiesta e per il mantenimento della rete di contatti e sono comunicati a terzi non nominati incaricati o responsabili dal Titolare o dal Responsabile nel solo caso in cui ci\u00f2 sia a tal fine necessario (previo consenso dell\u2019interessato).<\/p>\n<p>Tipi di dati trattati<\/p>\n<p>Dati di navigazione<\/p>\n<p>I sistemi informatici e le procedure software preposte al funzionamento di questo sito web acquisiscono, nel corso del loro normale esercizio, alcuni dati personali la cui trasmissione \u00e8 implicita nell\u2019uso dei protocolli di comunicazione di Internet.<br \/>\nSi tratta di informazioni che non sono raccolte per essere associate a interessati identificati, ma che per loro stessa natura potrebbero, attraverso elaborazioni ed associazioni con dati detenuti da terzi, permettere di identificare gli utenti.<br \/>\nIn questa categoria di dati rientrano gli indirizzi IP o i nomi a dominio dei computer utilizzati dagli utenti che si connettono al sito, gli indirizzi in notazione URI (Uniform Resource Identifier) delle risorse richieste, l\u2019orario della richiesta, il metodo utilizzato nel sottoporre la richiesta al server, la dimensione del file ottenuto in risposta, il codice numerico indicante lo stato della risposta data dal server (buon fine, errore, ecc.) ed altri parametri relativi al sistema operativo e all\u2019ambiente informatico dell\u2019utente.<br \/>\nQuesti dati vengono utilizzati al solo fine di ricavare informazioni statistiche anonime sull\u2019uso del sito e per controllarne il corretto funzionamento (si veda anche il paragrafo sui cookies). I dati potrebbero essere utilizzati dalle autorit\u00e0 competenti per l\u2019accertamento di responsabilit\u00e0 in caso di ipotetici reati informatici ai danni del sito.<br \/>\nPossono essere trattati inoltre dati personali forniti volontariamente dall\u2019utente (nome, cognome, indirizzo, email\u2026).<\/p>\n<p>Cookies<\/p>\n<p>I cookies sono file di testo che vengono depositati sul vostro computer e letti da remoto dai nostri server o dai server di terze parti di cui ci serviamo. L\u2019uso di cookies tecnici permanenti oppure di cookies sessione (cio\u00e8 che non vengono memorizzati in modo persistente sul computer dell\u2019utente e svaniscono con la chiusura del browser) \u00e8 strettamente limitato alla fornitura tecnica del servizio richiesto dall\u2019utente e alla trasmissione di identificativi di sessione (costituiti da numeri casuali generati dal server) necessari per consentire l\u2019esplorazione sicura ed efficiente del sito e delle sue applicazioni.<br \/>\nI cookies tecnici utilizzati in questo sito evitano il ricorso ad altre tecniche informatiche potenzialmente pregiudizievoli per la riservatezza della navigazione degli utenti.<br \/>\nQuesto sito web utilizza, con il consenso preventivo dell\u2019utente (fatto salvo per cookie strettamente necessari sul piano tecnico o meramente statistici con dati aggregati), anche alcuni sistemi \u2013 cookies, beacons \u2013 che analizzano la navigazione degli utenti per realizzare statistiche sulle visite o per migliorare l\u2019offerta dei contenuti e posizionare, eventualmente, advertising mirato nelle pagine web. I sistemi attualmente utilizzati sono Google Analytics e Facebook Pixel: il primo \u00e8 un servizio di analisi web fornito da Google, Inc. (\u201cGoogle\u201d), il secondo da Facebook, Inc. Google Analytics, come gli altri sistemi, utilizza dei \u201ccookies\u201d. Le informazioni generate dal cookie sull\u2019utilizzo del sito web da parte Vostra (compreso il Vostro indirizzo IP) verranno trasmesse a, e depositate presso i server di Google e Facebook, anche negli Stati Uniti. Google utilizzer\u00e0 queste informazioni allo scopo di tracciare e esaminare il Vostro utilizzo del sito web, compilare report sulle attivit\u00e0 del sito web per gli operatori del sito web e fornire altri servizi relativi alle attivit\u00e0 del sito web e all\u2019utilizzo di Internet. Google pu\u00f2 anche trasferire queste informazioni a terzi ove ci\u00f2 sia imposto dalla legge o laddove tali terzi trattino le suddette informazioni per conto di Google. Google e Facebook dichiarano di non associare il vostro indirizzo IP a nessun altro dato posseduto.<br \/>\nNon viene fatto altro uso di cookies per la trasmissione di informazioni di carattere personale, n\u00e9 vengono utilizzati altri cookies persistenti di alcun tipo, ovvero sistemi per il tracciamento degli utenti. Vi ricordiamo che potete impostare il vostro software browser per internet (es. Firefox, Internet Explorer, Safari, Chrome) in modalit\u00e0 tale da non accettare i cookies, anche tecnici, attivando la cosiddetta navigazione anonima, e che in tal caso nessun dato verr\u00e0 trattato attraverso questi sistemi.<\/p>\n<p>Plug-in social<\/p>\n<p>I \u201cpulsanti sociali\u201d sono visibili sul sito per consentire all\u2019utente di utilizzare le informazioni di registrazione dei social network, tra cui LinkedIn, per richiedere la registrazione\/iscrizione ai servizi offerti o per condividere i contenuti pubblicati, attraverso i profili social dell\u2019utente.<br \/>\nQueste piattaforme potrebbero depositare dei cookies nel dispositivo dell\u2019utente per il tramite del sito (cookie di terza parte), al fine di raccogliere informazioni sulla navigazione dell\u2019utente.<\/p>\n<p>Facoltativit\u00e0 del conferimento dei dati diversi da quelli di navigazione<\/p>\n<p>A parte quanto specificato per i dati di navigazione, l\u2019utente \u00e8 libero di fornire i dati personali riportati nei moduli di registrazione\/iscrizione, tramite posta elettronica o tramite il servizio chat istantanea (alcuni con specifica e separata richiesta di consenso per trattamenti che lo richiedono) o comunque indicati in contatti, per sollecitare l\u2019invio di materiale informativo o di altre comunicazioni (es. la gestione delle richieste personali di contatto per informazioni e\/o per materiali disponibili). L\u2019invio facoltativo, esplicito e volontario di posta elettronica agli indirizzi indicati su questo sito, o attraverso i moduli di comunicazione, comporta la successiva acquisizione dell\u2019indirizzo del mittente, necessario per rispondere alle richieste, nonch\u00e9 degli eventuali altri dati personali inseriti nella missiva.<br \/>\nIn particolare, i dati personali dell\u2019utente, cos\u00ec come inseriti nei vari form presenti sul sito, verranno trattati per rispondere alle richieste inviate dall\u2019interessato e\/o allo scopo di fornire la newsletter periodica e\/o il materiale informativo e\/o i whitepaper\/report desiderati, lo scaricamento di altri contenuti. Il conferimento dei dati \u00e8 facoltativo. Tuttavia, il mancato inserimento dei dati necessari rende impossibile l\u2019esecuzione della richiesta. I dati cos\u00ec trasmessi potranno essere trattati, solo per il tempo necessario alle finalit\u00e0 indicate, anche con strumenti elettronici, da parte di nostri incaricati e soggetti individuati come responsabili del trattamento.<br \/>\nI dati cos\u00ec conferiti potranno essere utilizzati anche per informare gli interessati sugli sviluppi o su nuove edizioni di newsletter, report, eventi, nonch\u00e9 di iniziative ad essi collegate, anche promozionali o commerciali\u00a0con strumenti automatizzati (sms, mms, email, fax, autorisponditori, messaggistica sui social network) e non automatizzati (telefono con operatore o posta cartacea).<br \/>\nL\u2019interessato ha la possibilit\u00e0 di opporsi a tale trattamento in ogni momento, inizialmente o in occasione di successive comunicazioni, in maniera agevole e gratuitamente anche scrivendo all\u2019indirizzo di posta elettronica: info@diffusioneeditoriale.it, nonch\u00e9 di ottenere un immediato riscontro che confermi l\u2019interruzione di tale trattamento (art. 15 del Regolamento).<br \/>\nNel caso in cui l\u2019utente richieda la registrazione\/iscrizione mediante l\u2019utilizzo di tecnologie plug-in di social networks (es. LinkedIn), acconsente alla comunicazione di dati del proprio profilo\/account da parte del social network, nella misura necessaria alla gestione della registrazione\/iscrizione.<\/p>\n<p>Incaricati, responsabili e sedi del trattamento dei dati<\/p>\n<p>I dati personali potranno essere condivisi con soggetti che agiscono tipicamente in qualit\u00e0 di responsabili del trattamento ex art. 28 del Regolamento ossia:<\/p>\n<p>persone, societ\u00e0 o studi professionali che prestano attivit\u00e0 di assistenza e consulenza in materia di organizzazione, accoglienza e esecuzione delle prestazioni richieste, nonch\u00e9 in materia contabile, amministrativa, legale, tributaria, finanziaria e di recupero crediti relativamente alla erogazione dei servizi;<br \/>\nsoggetti con i quali sia necessario interagire per l\u2019erogazione dei servizi (ad esempio gli hosting provider);<br \/>\novvero soggetti delegati a svolgere attivit\u00e0 di manutenzione tecnica (inclusa la manutenzione degli apparati di rete e delle reti di comunicazione elettronica); (collettivamente \u201cdestinatari\u201d);<br \/>\nsoggetti, enti od autorit\u00e0, autonomi titolari del trattamento, a cui sia obbligatorio comunicare i dati personali in forza di disposizioni di legge o di ordini delle autorit\u00e0;<br \/>\npersone autorizzate al trattamento dei dati personali ex art. 29 del Regolamento necessario a svolgere attivit\u00e0 strettamente correlate all\u2019erogazione dei Servizi, che si siano impegnate alla riservatezza o abbiano un adeguato obbligo legale di riservatezza.<br \/>\nI Dati Personali sono trattati principalmente presso la sede del Titolare del trattamento, Conti Edizioni s.r.l. e del Responsabile del trattamento, Diffusione Editoriale s.r.l. Per ulteriori informazioni, contatta il Titolare.<\/p>\n<p>Trasferimenti dei dati personali<\/p>\n<p>I Dati Personali saranno comunicati ai Contitolari del trattamento. Per quanto concerne l\u2019eventuale trasferimento dei Dati verso Paesi Terzi, si rende noto che il trattamento avverr\u00e0 secondo una delle modalit\u00e0 consentite dalla legge vigente, quali ad esempio il consenso dell\u2019interessato, l\u2019adozione di Clausole Standard approvate dalla Commissione Europea, la selezione di soggetti aderenti a programmi internazionali per la libera circolazione dei dati (es. EU-USA Privacy Shield) od operanti in Paesi considerati sicuri dalla Commissione Europea. \u00c8 possibile avere maggiori informazioni, su richiesta, ai contatti sopraindicati.<\/p>\n<p>Conservazione dei dati<\/p>\n<p>I dati personali trattati saranno conservati per il tempo strettamente necessario a raggiungere quelle stesse finalit\u00e0 nel rispetto dei principi di minimizzazione e limitazione della conservazione ex artt. 5.1.e) del Regolamento.<\/p>\n<p>Diritti degli interessati<\/p>\n<p>Ai sensi degli articoli 15 e seguenti del Regolamento, l\u2019utente ha il diritto di chiedere in qualunque momento, l\u2019accesso ai suoi dati personali, la rettifica o la cancellazione degli stessi, la limitazione del trattamento nei casi previsti dall\u2019art. 18 del Regolamento, ottenere in un formato strutturato, di uso comune e leggibile da dispositivo automatico i dati che lo riguardano, nei casi previsti dall\u2019art. 20 del Regolamento. In ogni momento, l\u2019utente pu\u00f2 revocare ex art. 7 del Regolamento il consenso prestato; proporre reclamo all\u2019autorit\u00e0 di controllo competente ex articolo 77 del GDPR (Garante per la Protezione dei Dati Personali) ai sensi dell\u2019art. 77 del Regolamento, qualora ritenga che il trattamento dei suoi dati sia contrario alla normativa in vigore.<br \/>\nL\u2019utente pu\u00f2 formulare una richiesta di opposizione al trattamento dei suoi dati personali ex articolo 21 del GDPR nella quale dare evidenza delle ragioni che giustifichino l\u2019opposizione: ci si riserva di valutare l\u2019istanza, che non verrebbe accettata in caso di esistenza di motivi legittimi cogenti per procedere al trattamento che prevalgano sugli interessi, diritti e libert\u00e0 dell\u2019utente.<br \/>\nLe richieste vanno rivolte per iscritto a uno dei seguenti indirizzi: privacy@contieditore.it e info@diffusioneeditoriale.it.<\/p>\n<p><b>Aggiornamenti<\/b><\/p>\n<p>La presente privacy policy \u00e8 aggiornata alla data del 04\/06\/2108<\/p>\n<p>&nbsp;<\/p>\n<p>&nbsp;<\/p>\n","protected":false},"excerpt":{"rendered":"<p>Informativa privacy e cookie &nbsp; Pubblicato: 25\/05\/2018 In questa informativa si descrivono le modalit\u00e0 di gestione del sito in riferimento al trattamento dei dati personali degli utenti che lo consultano, nonch\u00e9 le pratiche di trattamento dei dati trasmessi dall\u2019interessato al Titolare e\/o al Responsabile tramite questo sito. Si tratta di un\u2019informativa che \u00e8 resa ai [&hellip;]<\/p>\n","protected":false},"author":1,"featured_media":0,"parent":0,"menu_order":0,"comment_status":"closed","ping_status":"closed","template":"","meta":{"footnotes":""},"class_list":["post-1271","page","type-page","status-publish","hentry"],"_links":{"self":[{"href":"https:\/\/www.abbonatiweb.it\/site\/wp-json\/wp\/v2\/pages\/1271","targetHints":{"allow":["GET"]}}],"collection":[{"href":"https:\/\/www.abbonatiweb.it\/site\/wp-json\/wp\/v2\/pages"}],"about":[{"href":"https:\/\/www.abbonatiweb.it\/site\/wp-json\/wp\/v2\/types\/page"}],"author":[{"embeddable":true,"href":"https:\/\/www.abbonatiweb.it\/site\/wp-json\/wp\/v2\/users\/1"}],"replies":[{"embeddable":true,"href":"https:\/\/www.abbonatiweb.it\/site\/wp-json\/wp\/v2\/comments?post=1271"}],"version-history":[{"count":2,"href":"https:\/\/www.abbonatiweb.it\/site\/wp-json\/wp\/v2\/pages\/1271\/revisions"}],"predecessor-version":[{"id":1384,"href":"https:\/\/www.abbonatiweb.it\/site\/wp-json\/wp\/v2\/pages\/1271\/revisions\/1384"}],"wp:attachment":[{"href":"https:\/\/www.abbonatiweb.it\/site\/wp-json\/wp\/v2\/media?parent=1271"}],"curies":[{"name":"wp","href":"https:\/\/api.w.org\/{rel}","templated":true}]}}